{"id":436,"date":"2016-03-04T16:49:48","date_gmt":"2016-03-04T15:49:48","guid":{"rendered":"http:\/\/gorskaprzygoda.blog.pl\/?page_id=436"},"modified":"2019-10-30T19:19:26","modified_gmt":"2019-10-30T18:19:26","slug":"o-nas","status":"publish","type":"page","link":"https:\/\/gorskaprzygoda.pl\/index.php\/o-nas\/","title":{"rendered":"O BLOGU"},"content":{"rendered":"<p><img loading=\"lazy\" decoding=\"async\" class=\"aligncenter size-large wp-image-2621\" src=\"https:\/\/gorskaprzygoda.pl\/wp-content\/uploads\/2018\/01\/Tofana-di-Rozes-Lipella-40-1024x768.jpg\" alt=\"\" width=\"770\" height=\"578\" srcset=\"https:\/\/gorskaprzygoda.pl\/wp-content\/uploads\/2018\/01\/Tofana-di-Rozes-Lipella-40-1024x768.jpg 1024w, https:\/\/gorskaprzygoda.pl\/wp-content\/uploads\/2018\/01\/Tofana-di-Rozes-Lipella-40-300x225.jpg 300w, https:\/\/gorskaprzygoda.pl\/wp-content\/uploads\/2018\/01\/Tofana-di-Rozes-Lipella-40-768x576.jpg 768w\" sizes=\"auto, (max-width: 770px) 100vw, 770px\" \/><\/p>\n<h4>Ahoj G\u00f3rska Przygodo! \ud83d\ude42<\/h4>\n<p style=\"text-align: justify;\">To my! Tomek i Ela! Bardzo si\u0119 cieszymy, \u017ce do nas zajrzeli\u015bcie. Znajomi m\u00f3wi\u0105 o nas, \u017ce jeste\u015bmy najbardziej zbzikowanymi na punkcie g\u00f3r lud\u017ami jakich znaj\u0105. Nie wierzycie? Przekonajcie si\u0119 sami zagl\u0105daj\u0105c cz\u0119\u015bciej na naszego bloga!<\/p>\n<p style=\"text-align: justify;\">G\u00f3ry to miejsce, gdzie uciekamy, by prze\u017cy\u0107 kolejn\u0105 przygod\u0119, gdzie chcemy by\u0107 bli\u017cej przyrody i nas\u0142uchiwa\u0107 ciszy. No tak, ciekawe czy mo\u017cna us\u0142ysze\u0107 cisz\u0119? Ela ci\u0105gle pr\u00f3buje znale\u017a\u0107 odpowied\u017a na to pytanie, a ja bez ko\u0144ca planuj\u0119 nasze kolejne wyprawy!<\/p>\n<p>Do zobaczenia na szlaku!<\/p>\n<p style=\"text-align: justify;\">Kontakt:&nbsp; &nbsp; &nbsp;&nbsp;<strong><a href=\"mailto:tomek@gorskaprzygoda.pl\">tomek@gorskaprzygoda.pl<\/a><\/strong><\/p>\n<h4 style=\"text-align: center;\">Do tej pory mieli\u015bmy przyjemno\u015b\u0107 wsp\u00f3\u0142pracowa\u0107 z:<\/h4>\n<table class=\"tg\">\n<tbody>\n<tr>\n<th class=\"tg-c3ow\" style=\"vertical-align: middle;\"><a href=\"http:\/\/viking.pl\"><img loading=\"lazy\" decoding=\"async\" class=\"aligncenter wp-image-4835\" src=\"https:\/\/gorskaprzygoda.pl\/wp-content\/uploads\/2018\/10\/Logo_Viking_podstawowe_czarne-300x28.jpg\" alt=\"Viking polska\" width=\"269\" height=\"25\" srcset=\"https:\/\/gorskaprzygoda.pl\/wp-content\/uploads\/2018\/10\/Logo_Viking_podstawowe_czarne-300x28.jpg 300w, https:\/\/gorskaprzygoda.pl\/wp-content\/uploads\/2018\/10\/Logo_Viking_podstawowe_czarne-768x72.jpg 768w, https:\/\/gorskaprzygoda.pl\/wp-content\/uploads\/2018\/10\/Logo_Viking_podstawowe_czarne-770x75.jpg 770w, https:\/\/gorskaprzygoda.pl\/wp-content\/uploads\/2018\/10\/Logo_Viking_podstawowe_czarne.jpg 800w\" sizes=\"auto, (max-width: 269px) 100vw, 269px\" \/><\/a><\/th>\n<th class=\"tg-c3ow\" style=\"vertical-align: middle;\"><a href=\"https:\/\/lyofood.pl\/\"><img loading=\"lazy\" decoding=\"async\" class=\"aligncenter wp-image-4837\" src=\"https:\/\/gorskaprzygoda.pl\/wp-content\/uploads\/2018\/10\/lyofood-300x190.jpg\" alt=\"Lyofood\" width=\"153\" height=\"97\" srcset=\"https:\/\/gorskaprzygoda.pl\/wp-content\/uploads\/2018\/10\/lyofood-300x190.jpg 300w, https:\/\/gorskaprzygoda.pl\/wp-content\/uploads\/2018\/10\/lyofood-768x487.jpg 768w, https:\/\/gorskaprzygoda.pl\/wp-content\/uploads\/2018\/10\/lyofood.jpg 1000w\" sizes=\"auto, (max-width: 153px) 100vw, 153px\" \/><\/a><\/th>\n<th class=\"tg-c3ow\" style=\"vertical-align: middle;\"><a href=\"http:\/\/seatosummit.pl\/\"><img loading=\"lazy\" decoding=\"async\" class=\"aligncenter wp-image-4836\" src=\"https:\/\/gorskaprzygoda.pl\/wp-content\/uploads\/2018\/10\/sea-to-summit-300x53.jpg\" alt=\"Sea to Summit\" width=\"282\" height=\"50\" srcset=\"https:\/\/gorskaprzygoda.pl\/wp-content\/uploads\/2018\/10\/sea-to-summit-300x53.jpg 300w, https:\/\/gorskaprzygoda.pl\/wp-content\/uploads\/2018\/10\/sea-to-summit-768x136.jpg 768w, https:\/\/gorskaprzygoda.pl\/wp-content\/uploads\/2018\/10\/sea-to-summit-1024x181.jpg 1024w\" sizes=\"auto, (max-width: 282px) 100vw, 282px\" \/><\/a><\/th>\n<\/tr>\n<\/tbody>\n<\/table>\n<h4 style=\"text-align: center;\">O naszych g\u00f3rskich przygodach mieli\u015bmy okazj\u0119 opowiada\u0107 na r\u00f3\u017cnych festiwalach oraz slajdowiskach podr\u00f3\u017cniczych, m.in:<\/h4>\n<p>&nbsp;<\/p>\n<p>&nbsp;<\/p>\n<p><center>&nbsp;<\/p>\n<table class=\"tg\">\n<tbody>\n<tr style=\"text-align: center; vertical-align: middle;\">\n<th class=\"tg-c3ow\" style=\"text-align: center; vertical-align: middle;\">\n<p><figure id=\"attachment_4838\" aria-describedby=\"caption-attachment-4838\" style=\"width: 450px\" class=\"wp-caption aligncenter\"><a href=\"http:\/\/pod-gore.pl\/\"><img loading=\"lazy\" decoding=\"async\" class=\"size-medium wp-image-4838\" src=\"https:\/\/gorskaprzygoda.pl\/wp-content\/uploads\/2018\/10\/podgore-300x169.jpg\" alt=\"\u0141aziski Festiwal G\u00f3rski &quot;Pod g\u00f3r\u0119&quot;\" width=\"450\" height=\"254\" srcset=\"https:\/\/gorskaprzygoda.pl\/wp-content\/uploads\/2018\/10\/podgore-300x169.jpg 300w, https:\/\/gorskaprzygoda.pl\/wp-content\/uploads\/2018\/10\/podgore-768x432.jpg 768w, https:\/\/gorskaprzygoda.pl\/wp-content\/uploads\/2018\/10\/podgore.jpg 960w\" sizes=\"auto, (max-width: 450px) 100vw, 450px\" \/><\/a><figcaption id=\"caption-attachment-4838\" class=\"wp-caption-text\">\u0141aziski Festiwal G\u00f3rski &#8222;Pod g\u00f3r\u0119&#8221; &#8211; \u0141aziska G\u00f3rne, 2018<\/figcaption><\/figure><\/th>\n<th class=\"tg-c3ow\" style=\"vertical-align: middle;\">\n<p><figure id=\"attachment_4839\" aria-describedby=\"caption-attachment-4839\" style=\"width: 420px\" class=\"wp-caption aligncenter\"><a href=\"https:\/\/www.facebook.com\/KlubNamaste\/\"><img loading=\"lazy\" decoding=\"async\" class=\" wp-image-4839\" src=\"https:\/\/gorskaprzygoda.pl\/wp-content\/uploads\/2018\/10\/namaste-katowice-300x261.jpg\" alt=\"\" width=\"420\" height=\"365\" srcset=\"https:\/\/gorskaprzygoda.pl\/wp-content\/uploads\/2018\/10\/namaste-katowice-300x261.jpg 300w, https:\/\/gorskaprzygoda.pl\/wp-content\/uploads\/2018\/10\/namaste-katowice.jpg 442w\" sizes=\"auto, (max-width: 420px) 100vw, 420px\" \/><\/a><figcaption id=\"caption-attachment-4839\" class=\"wp-caption-text\">Klub Podr\u00f3\u017cnik\u00f3w Namaste &#8211; Katowice, 2018<\/figcaption><\/figure><\/th>\n<th class=\"tg-c3ow\" style=\"vertical-align: middle;\">\n<p><figure id=\"attachment_4839\" aria-describedby=\"caption-attachment-4839\" style=\"width: 300px\" class=\"wp-caption aligncenter\"><a href=\"https:\/\/www.facebook.com\/FestiwalSwiattozamalo\/\"><img loading=\"lazy\" decoding=\"async\" class=\"aligncenter size-medium wp-image-4963\" src=\"https:\/\/gorskaprzygoda.pl\/wp-content\/uploads\/2018\/11\/\u015bwiat-to-za-ma\u0142o-300x193.jpg\" alt=\"\" width=\"300\" height=\"193\" srcset=\"https:\/\/gorskaprzygoda.pl\/wp-content\/uploads\/2018\/11\/\u015bwiat-to-za-ma\u0142o-300x193.jpg 300w, https:\/\/gorskaprzygoda.pl\/wp-content\/uploads\/2018\/11\/\u015bwiat-to-za-ma\u0142o-768x493.jpg 768w, https:\/\/gorskaprzygoda.pl\/wp-content\/uploads\/2018\/11\/\u015bwiat-to-za-ma\u0142o.jpg 821w\" sizes=\"auto, (max-width: 300px) 100vw, 300px\" \/><\/a><figcaption id=\"caption-attachment-4839\" class=\"wp-caption-text\">Festiwal Podr\u00f3\u017cniczy &#8222;\u015awiat to za ma\u0142o&#8221; w Gliwicach &#8211; wygrana w kategorii &#8222;Pokaz Konkursowy&#8221;, 2018<\/figcaption><\/figure><\/th>\n<th class=\"tg-c3ow\" style=\"vertical-align: middle;\">\n<p><figure id=\"attachment_4839\" aria-describedby=\"caption-attachment-4839\" style=\"width: 320px\" class=\"wp-caption aligncenter\"><a href=\"https:\/\/www.facebook.com\/SpotkaniaGorskieLawiny\/\"><img loading=\"lazy\" decoding=\"async\" class=\"aligncenter size-full wp-image-4964\" src=\"https:\/\/gorskaprzygoda.pl\/wp-content\/uploads\/2018\/11\/Spotkania-Gorskie-Lawiny-2018.jpg\" alt=\"\" width=\"320\" height=\"450\" srcset=\"https:\/\/gorskaprzygoda.pl\/wp-content\/uploads\/2018\/11\/Spotkania-Gorskie-Lawiny-2018.jpg 640w, https:\/\/gorskaprzygoda.pl\/wp-content\/uploads\/2018\/11\/Spotkania-Gorskie-Lawiny-2018-213x300.jpg 213w\" sizes=\"auto, (max-width: 320px) 100vw, 320px\" \/><\/a><figcaption id=\"caption-attachment-4839\" class=\"wp-caption-text\">Spotkania G\u00f3rskie &#8222;Lawiny&#8221; w Rudzie \u015al\u0105skiej, 2018<\/figcaption><\/figure><\/th>\n<\/tr>\n<tr style=\"text-align: center; vertical-align: middle;\">\n<th class=\"tg-c3ow\" style=\"vertical-align: middle;\">\n<p><figure id=\"attachment_4839\" aria-describedby=\"caption-attachment-4839\" style=\"width: 300px\" class=\"wp-caption aligncenter\"><a href=\"http:\/\/bo-no-bo.pl\/\"><img loading=\"lazy\" decoding=\"async\" class=\"aligncenter size-full wp-image-4967\" src=\"https:\/\/gorskaprzygoda.pl\/wp-content\/uploads\/2019\/03\/bonobo.jpg\" alt=\"\" width=\"300\" height=\"325\"><\/a><figcaption id=\"caption-attachment-4839\" class=\"wp-caption-text\">Bonobo &#8211; Ksi\u0119garnia Kawiarnia Podr\u00f3\u017cnicza &#8211; Krak\u00f3w, 2018<\/figcaption><\/figure><\/th>\n<th class=\"tg-c3ow\" style=\"vertical-align: middle;\">\n<p><figure id=\"attachment_4839\" aria-describedby=\"caption-attachment-4839\" style=\"width: 225px\" class=\"wp-caption aligncenter\"><a href=\"https:\/\/www.facebook.com\/GrawitacjaBielsko\/\"><img loading=\"lazy\" decoding=\"async\" class=\"aligncenter size-medium wp-image-4968\" src=\"https:\/\/gorskaprzygoda.pl\/wp-content\/uploads\/2018\/12\/grawitacja-cafe-300x300.jpg\" alt=\"\" width=\"225\" height=\"225\" srcset=\"https:\/\/gorskaprzygoda.pl\/wp-content\/uploads\/2018\/12\/grawitacja-cafe-300x300.jpg 300w, https:\/\/gorskaprzygoda.pl\/wp-content\/uploads\/2018\/12\/grawitacja-cafe-150x150.jpg 150w, https:\/\/gorskaprzygoda.pl\/wp-content\/uploads\/2018\/12\/grawitacja-cafe-370x370.jpg 370w, https:\/\/gorskaprzygoda.pl\/wp-content\/uploads\/2018\/12\/grawitacja-cafe.jpg 654w\" sizes=\"auto, (max-width: 225px) 100vw, 225px\" \/><\/a><figcaption id=\"caption-attachment-4839\" class=\"wp-caption-text\">Grawitacja Caffe Bielsko-Bia\u0142a, 2018<\/figcaption><\/figure><\/th>\n<th class=\"tg-c3ow\" style=\"vertical-align: middle;\">\n<p><figure id=\"attachment_4839\" aria-describedby=\"caption-attachment-4839\" style=\"width: 180px\" class=\"wp-caption aligncenter\"><a href=\"https:\/\/klubpodroznikow.com\/\"><img loading=\"lazy\" decoding=\"async\" class=\"aligncenter size-medium wp-image-4968\" src=\"https:\/\/gorskaprzygoda.pl\/wp-content\/uploads\/2019\/03\/logo-klub.jpg\" alt=\"\" width=\"180\" height=\"180\"><\/a><figcaption id=\"caption-attachment-4839\" class=\"wp-caption-text\">Klub Podr\u00f3\u017cnik\u00f3w &#8222;\u015ar\u00f3dziemie&#8221; w Krakowie, 2019<\/figcaption><\/figure><\/th>\n<th class=\"tg-c3ow\" style=\"vertical-align: middle;\">\n<p><figure id=\"attachment_4839\" aria-describedby=\"caption-attachment-4839\" style=\"width: 180px\" class=\"wp-caption aligncenter\"><a href=\"https:\/\/organizacje.uek.krakow.pl\/organisation\/10\"><img loading=\"lazy\" decoding=\"async\" class=\"aligncenter size-medium wp-image-4968\" src=\"https:\/\/gorskaprzygoda.pl\/wp-content\/uploads\/2019\/06\/tkn-wagabunda.jpg\" alt=\"\" width=\"170\" height=\"170\"><\/a><figcaption id=\"caption-attachment-4839\" class=\"wp-caption-text\">Turystyczne Ko\u0142o Naukowe Wagabunda, Uniwersytet Ekonomiczny w Krakowie 2019<\/figcaption><\/figure><\/th>\n<\/tr>\n<tr style=\"text-align: center; vertical-align: middle;\">\n<th class=\"tg-c3ow\" style=\"vertical-align: middle;\">\n<p><figure id=\"attachment_4839\" aria-describedby=\"caption-attachment-4839\" style=\"width: 300px\" class=\"wp-caption aligncenter\"><a href=\"https:\/\/spotkania.zakopane.pl\/\"><img loading=\"lazy\" decoding=\"async\" class=\"aligncenter size-full wp-image-4967\" src=\"https:\/\/gorskaprzygoda.pl\/wp-content\/uploads\/2019\/10\/szfg.jpg\" alt=\"\" width=\"350\" height=\"400\"><\/a><figcaption id=\"caption-attachment-4839\" class=\"wp-caption-text\">Festiwal Spotkania z Filmem G\u00f3rskim, Zakopane 2019<\/figcaption><\/figure><\/th>\n<th class=\"tg-c3ow\" style=\"vertical-align: middle;\"><\/th>\n<th class=\"tg-c3ow\" style=\"vertical-align: middle;\"><\/th>\n<th class=\"tg-c3ow\" style=\"vertical-align: middle;\"><\/th>\n<\/tr>\n<\/tbody>\n<\/table>\n<p>&nbsp;<\/p>\n<p>&nbsp;<\/p>\n<p><\/center>&nbsp;<\/p>\n<p>&nbsp;<\/p>\n<h4 style=\"text-align: center;\"><strong>Je\u015bli chcieliby Pa\u0144stwo go\u015bci\u0107 nas u siebie zapraszamy do kontaktu. Ch\u0119tnie podzielimy si\u0119 naszymi do\u015bwiadczeniami, opowie\u015bciami oraz zdj\u0119ciami.<\/strong><\/h4>\n","protected":false},"excerpt":{"rendered":"<p>Ahoj G\u00f3rska Przygodo! \ud83d\ude42 To my! Tomek i Ela! Bardzo si\u0119 cieszymy, \u017ce do nas zajrzeli\u015bcie. Znajomi m\u00f3wi\u0105 o nas, \u017ce jeste\u015bmy najbardziej zbzikowanymi na punkcie g\u00f3r lud\u017ami jakich znaj\u0105. Nie wierzycie? Przekonajcie si\u0119 sami zagl\u0105daj\u0105c cz\u0119\u015bciej na naszego bloga! G\u00f3ry to miejsce, gdzie uciekamy, by prze\u017cy\u0107 kolejn\u0105 przygod\u0119, gdzie chcemy by\u0107 bli\u017cej przyrody i <\/p>\n","protected":false},"author":1,"featured_media":0,"parent":0,"menu_order":0,"comment_status":"open","ping_status":"closed","template":"","meta":{"jetpack_post_was_ever_published":false,"footnotes":""},"class_list":["post-436","page","type-page","status-publish"],"yoast_head":"<!-- This site is optimized with the Yoast SEO plugin v27.4 - https:\/\/yoast.com\/product\/yoast-seo-wordpress\/ -->\n<title>O BLOGU - G\u00f3rska przygoda<\/title>\n<meta name=\"robots\" content=\"index, follow, max-snippet:-1, max-image-preview:large, max-video-preview:-1\" \/>\n<link rel=\"canonical\" href=\"https:\/\/gorskaprzygoda.pl\/index.php\/o-nas\/\" \/>\n<meta property=\"og:locale\" content=\"pl_PL\" \/>\n<meta property=\"og:type\" content=\"article\" \/>\n<meta property=\"og:title\" content=\"O BLOGU - G\u00f3rska przygoda\" \/>\n<meta property=\"og:description\" content=\"Ahoj G\u00f3rska Przygodo! \ud83d\ude42 To my! Tomek i Ela! Bardzo si\u0119 cieszymy, \u017ce do nas zajrzeli\u015bcie. Znajomi m\u00f3wi\u0105 o nas, \u017ce jeste\u015bmy najbardziej zbzikowanymi na punkcie g\u00f3r lud\u017ami jakich znaj\u0105. Nie wierzycie? Przekonajcie si\u0119 sami zagl\u0105daj\u0105c cz\u0119\u015bciej na naszego bloga! G\u00f3ry to miejsce, gdzie uciekamy, by prze\u017cy\u0107 kolejn\u0105 przygod\u0119, gdzie chcemy by\u0107 bli\u017cej przyrody i\" \/>\n<meta property=\"og:url\" content=\"https:\/\/gorskaprzygoda.pl\/index.php\/o-nas\/\" \/>\n<meta property=\"og:site_name\" content=\"G\u00f3rska przygoda\" \/>\n<meta property=\"article:publisher\" content=\"https:\/\/www.facebook.com\/gorskaprzygoda\/\" \/>\n<meta property=\"article:modified_time\" content=\"2019-10-30T18:19:26+00:00\" \/>\n<meta property=\"og:image\" content=\"https:\/\/gorskaprzygoda.pl\/wp-content\/uploads\/2018\/01\/Tofana-di-Rozes-Lipella-40-1024x768.jpg\" \/>\n<meta name=\"twitter:card\" content=\"summary_large_image\" \/>\n<meta name=\"twitter:label1\" content=\"Szacowany czas czytania\" \/>\n\t<meta name=\"twitter:data1\" content=\"2 minuty\" \/>\n<script type=\"application\/ld+json\" class=\"yoast-schema-graph\">{\"@context\":\"https:\\\/\\\/schema.org\",\"@graph\":[{\"@type\":\"WebPage\",\"@id\":\"https:\\\/\\\/gorskaprzygoda.pl\\\/index.php\\\/o-nas\\\/\",\"url\":\"https:\\\/\\\/gorskaprzygoda.pl\\\/index.php\\\/o-nas\\\/\",\"name\":\"O BLOGU - G\u00f3rska przygoda\",\"isPartOf\":{\"@id\":\"https:\\\/\\\/gorskaprzygoda.pl\\\/#website\"},\"primaryImageOfPage\":{\"@id\":\"https:\\\/\\\/gorskaprzygoda.pl\\\/index.php\\\/o-nas\\\/#primaryimage\"},\"image\":{\"@id\":\"https:\\\/\\\/gorskaprzygoda.pl\\\/index.php\\\/o-nas\\\/#primaryimage\"},\"thumbnailUrl\":\"https:\\\/\\\/gorskaprzygoda.pl\\\/wp-content\\\/uploads\\\/2018\\\/01\\\/Tofana-di-Rozes-Lipella-40-1024x768.jpg\",\"datePublished\":\"2016-03-04T15:49:48+00:00\",\"dateModified\":\"2019-10-30T18:19:26+00:00\",\"breadcrumb\":{\"@id\":\"https:\\\/\\\/gorskaprzygoda.pl\\\/index.php\\\/o-nas\\\/#breadcrumb\"},\"inLanguage\":\"pl-PL\",\"potentialAction\":[{\"@type\":\"ReadAction\",\"target\":[\"https:\\\/\\\/gorskaprzygoda.pl\\\/index.php\\\/o-nas\\\/\"]}]},{\"@type\":\"ImageObject\",\"inLanguage\":\"pl-PL\",\"@id\":\"https:\\\/\\\/gorskaprzygoda.pl\\\/index.php\\\/o-nas\\\/#primaryimage\",\"url\":\"https:\\\/\\\/gorskaprzygoda.pl\\\/wp-content\\\/uploads\\\/2018\\\/01\\\/Tofana-di-Rozes-Lipella-40.jpg\",\"contentUrl\":\"https:\\\/\\\/gorskaprzygoda.pl\\\/wp-content\\\/uploads\\\/2018\\\/01\\\/Tofana-di-Rozes-Lipella-40.jpg\",\"width\":1920,\"height\":1440},{\"@type\":\"BreadcrumbList\",\"@id\":\"https:\\\/\\\/gorskaprzygoda.pl\\\/index.php\\\/o-nas\\\/#breadcrumb\",\"itemListElement\":[{\"@type\":\"ListItem\",\"position\":1,\"name\":\"Strona g\u0142\u00f3wna\",\"item\":\"https:\\\/\\\/gorskaprzygoda.pl\\\/\"},{\"@type\":\"ListItem\",\"position\":2,\"name\":\"O BLOGU\"}]},{\"@type\":\"WebSite\",\"@id\":\"https:\\\/\\\/gorskaprzygoda.pl\\\/#website\",\"url\":\"https:\\\/\\\/gorskaprzygoda.pl\\\/\",\"name\":\"gorskaprzygoda.pl\",\"description\":\"w drodze na szczyt\",\"potentialAction\":[{\"@type\":\"SearchAction\",\"target\":{\"@type\":\"EntryPoint\",\"urlTemplate\":\"https:\\\/\\\/gorskaprzygoda.pl\\\/?s={search_term_string}\"},\"query-input\":{\"@type\":\"PropertyValueSpecification\",\"valueRequired\":true,\"valueName\":\"search_term_string\"}}],\"inLanguage\":\"pl-PL\"}]}<\/script>\n<!-- \/ Yoast SEO plugin. -->","yoast_head_json":{"title":"O BLOGU - G\u00f3rska przygoda","robots":{"index":"index","follow":"follow","max-snippet":"max-snippet:-1","max-image-preview":"max-image-preview:large","max-video-preview":"max-video-preview:-1"},"canonical":"https:\/\/gorskaprzygoda.pl\/index.php\/o-nas\/","og_locale":"pl_PL","og_type":"article","og_title":"O BLOGU - G\u00f3rska przygoda","og_description":"Ahoj G\u00f3rska Przygodo! \ud83d\ude42 To my! Tomek i Ela! Bardzo si\u0119 cieszymy, \u017ce do nas zajrzeli\u015bcie. Znajomi m\u00f3wi\u0105 o nas, \u017ce jeste\u015bmy najbardziej zbzikowanymi na punkcie g\u00f3r lud\u017ami jakich znaj\u0105. Nie wierzycie? Przekonajcie si\u0119 sami zagl\u0105daj\u0105c cz\u0119\u015bciej na naszego bloga! G\u00f3ry to miejsce, gdzie uciekamy, by prze\u017cy\u0107 kolejn\u0105 przygod\u0119, gdzie chcemy by\u0107 bli\u017cej przyrody i","og_url":"https:\/\/gorskaprzygoda.pl\/index.php\/o-nas\/","og_site_name":"G\u00f3rska przygoda","article_publisher":"https:\/\/www.facebook.com\/gorskaprzygoda\/","article_modified_time":"2019-10-30T18:19:26+00:00","og_image":[{"url":"https:\/\/gorskaprzygoda.pl\/wp-content\/uploads\/2018\/01\/Tofana-di-Rozes-Lipella-40-1024x768.jpg","type":"","width":"","height":""}],"twitter_card":"summary_large_image","twitter_misc":{"Szacowany czas czytania":"2 minuty"},"schema":{"@context":"https:\/\/schema.org","@graph":[{"@type":"WebPage","@id":"https:\/\/gorskaprzygoda.pl\/index.php\/o-nas\/","url":"https:\/\/gorskaprzygoda.pl\/index.php\/o-nas\/","name":"O BLOGU - G\u00f3rska przygoda","isPartOf":{"@id":"https:\/\/gorskaprzygoda.pl\/#website"},"primaryImageOfPage":{"@id":"https:\/\/gorskaprzygoda.pl\/index.php\/o-nas\/#primaryimage"},"image":{"@id":"https:\/\/gorskaprzygoda.pl\/index.php\/o-nas\/#primaryimage"},"thumbnailUrl":"https:\/\/gorskaprzygoda.pl\/wp-content\/uploads\/2018\/01\/Tofana-di-Rozes-Lipella-40-1024x768.jpg","datePublished":"2016-03-04T15:49:48+00:00","dateModified":"2019-10-30T18:19:26+00:00","breadcrumb":{"@id":"https:\/\/gorskaprzygoda.pl\/index.php\/o-nas\/#breadcrumb"},"inLanguage":"pl-PL","potentialAction":[{"@type":"ReadAction","target":["https:\/\/gorskaprzygoda.pl\/index.php\/o-nas\/"]}]},{"@type":"ImageObject","inLanguage":"pl-PL","@id":"https:\/\/gorskaprzygoda.pl\/index.php\/o-nas\/#primaryimage","url":"https:\/\/gorskaprzygoda.pl\/wp-content\/uploads\/2018\/01\/Tofana-di-Rozes-Lipella-40.jpg","contentUrl":"https:\/\/gorskaprzygoda.pl\/wp-content\/uploads\/2018\/01\/Tofana-di-Rozes-Lipella-40.jpg","width":1920,"height":1440},{"@type":"BreadcrumbList","@id":"https:\/\/gorskaprzygoda.pl\/index.php\/o-nas\/#breadcrumb","itemListElement":[{"@type":"ListItem","position":1,"name":"Strona g\u0142\u00f3wna","item":"https:\/\/gorskaprzygoda.pl\/"},{"@type":"ListItem","position":2,"name":"O BLOGU"}]},{"@type":"WebSite","@id":"https:\/\/gorskaprzygoda.pl\/#website","url":"https:\/\/gorskaprzygoda.pl\/","name":"gorskaprzygoda.pl","description":"w drodze na szczyt","potentialAction":[{"@type":"SearchAction","target":{"@type":"EntryPoint","urlTemplate":"https:\/\/gorskaprzygoda.pl\/?s={search_term_string}"},"query-input":{"@type":"PropertyValueSpecification","valueRequired":true,"valueName":"search_term_string"}}],"inLanguage":"pl-PL"}]}},"jetpack_sharing_enabled":true,"jetpack_shortlink":"https:\/\/wp.me\/PawaOI-72","_links":{"self":[{"href":"https:\/\/gorskaprzygoda.pl\/index.php\/wp-json\/wp\/v2\/pages\/436","targetHints":{"allow":["GET"]}}],"collection":[{"href":"https:\/\/gorskaprzygoda.pl\/index.php\/wp-json\/wp\/v2\/pages"}],"about":[{"href":"https:\/\/gorskaprzygoda.pl\/index.php\/wp-json\/wp\/v2\/types\/page"}],"author":[{"embeddable":true,"href":"https:\/\/gorskaprzygoda.pl\/index.php\/wp-json\/wp\/v2\/users\/1"}],"replies":[{"embeddable":true,"href":"https:\/\/gorskaprzygoda.pl\/index.php\/wp-json\/wp\/v2\/comments?post=436"}],"version-history":[{"count":26,"href":"https:\/\/gorskaprzygoda.pl\/index.php\/wp-json\/wp\/v2\/pages\/436\/revisions"}],"predecessor-version":[{"id":5850,"href":"https:\/\/gorskaprzygoda.pl\/index.php\/wp-json\/wp\/v2\/pages\/436\/revisions\/5850"}],"wp:attachment":[{"href":"https:\/\/gorskaprzygoda.pl\/index.php\/wp-json\/wp\/v2\/media?parent=436"}],"curies":[{"name":"wp","href":"https:\/\/api.w.org\/{rel}","templated":true}]}}