{"id":1965,"date":"2018-01-11T22:13:01","date_gmt":"2018-01-11T21:13:01","guid":{"rendered":"http:\/\/gorskaprzygoda.pl\/?page_id=1965"},"modified":"2019-11-13T20:01:52","modified_gmt":"2019-11-13T19:01:52","slug":"mapa-wpisow","status":"publish","type":"page","link":"https:\/\/gorskaprzygoda.pl\/index.php\/mapa-wpisow\/","title":{"rendered":"Mapa wpis\u00f3w!"},"content":{"rendered":"\n<h4 class=\"wp-block-heading\" style=\"text-align:center\">Aby wygodnie przegl\u0105da\u0107 map\u0119 wpis\u00f3w wy\u015bwietl j\u0105 na ca\u0142ym ekranie! \ud83d\ude09<\/h4>\n\n\n<p><iframe loading=\"lazy\" src=\"https:\/\/www.google.com\/maps\/d\/u\/0\/embed?mid=1veaDXKo4joV1X9pmDZ0v8cNOkEZYJTMp\" width=\"1100\" height=\"480\"><\/iframe><\/p>\n","protected":false},"excerpt":{"rendered":"<p>Aby wygodnie przegl\u0105da\u0107 map\u0119 wpis\u00f3w wy\u015bwietl j\u0105 na ca\u0142ym ekranie! \ud83d\ude09<\/p>\n","protected":false},"author":1,"featured_media":0,"parent":0,"menu_order":0,"comment_status":"closed","ping_status":"closed","template":"","meta":{"jetpack_post_was_ever_published":false,"footnotes":""},"class_list":["post-1965","page","type-page","status-publish"],"yoast_head":"<!-- This site is optimized with the Yoast SEO plugin v27.4 - https:\/\/yoast.com\/product\/yoast-seo-wordpress\/ -->\n<title>Mapa wpis\u00f3w! - G\u00f3rska przygoda<\/title>\n<meta name=\"robots\" content=\"index, follow, max-snippet:-1, max-image-preview:large, max-video-preview:-1\" \/>\n<link rel=\"canonical\" href=\"https:\/\/gorskaprzygoda.pl\/index.php\/mapa-wpisow\/\" \/>\n<meta property=\"og:locale\" content=\"pl_PL\" \/>\n<meta property=\"og:type\" content=\"article\" \/>\n<meta property=\"og:title\" content=\"Mapa wpis\u00f3w! - G\u00f3rska przygoda\" \/>\n<meta property=\"og:description\" content=\"Aby wygodnie przegl\u0105da\u0107 map\u0119 wpis\u00f3w wy\u015bwietl j\u0105 na ca\u0142ym ekranie! \ud83d\ude09\" \/>\n<meta property=\"og:url\" content=\"https:\/\/gorskaprzygoda.pl\/index.php\/mapa-wpisow\/\" \/>\n<meta property=\"og:site_name\" content=\"G\u00f3rska przygoda\" \/>\n<meta property=\"article:publisher\" content=\"https:\/\/www.facebook.com\/gorskaprzygoda\/\" \/>\n<meta property=\"article:modified_time\" content=\"2019-11-13T19:01:52+00:00\" \/>\n<meta name=\"twitter:card\" content=\"summary_large_image\" \/>\n<script type=\"application\/ld+json\" class=\"yoast-schema-graph\">{\"@context\":\"https:\\\/\\\/schema.org\",\"@graph\":[{\"@type\":\"WebPage\",\"@id\":\"https:\\\/\\\/gorskaprzygoda.pl\\\/index.php\\\/mapa-wpisow\\\/\",\"url\":\"https:\\\/\\\/gorskaprzygoda.pl\\\/index.php\\\/mapa-wpisow\\\/\",\"name\":\"Mapa wpis\u00f3w! - G\u00f3rska przygoda\",\"isPartOf\":{\"@id\":\"https:\\\/\\\/gorskaprzygoda.pl\\\/#website\"},\"datePublished\":\"2018-01-11T21:13:01+00:00\",\"dateModified\":\"2019-11-13T19:01:52+00:00\",\"breadcrumb\":{\"@id\":\"https:\\\/\\\/gorskaprzygoda.pl\\\/index.php\\\/mapa-wpisow\\\/#breadcrumb\"},\"inLanguage\":\"pl-PL\",\"potentialAction\":[{\"@type\":\"ReadAction\",\"target\":[\"https:\\\/\\\/gorskaprzygoda.pl\\\/index.php\\\/mapa-wpisow\\\/\"]}]},{\"@type\":\"BreadcrumbList\",\"@id\":\"https:\\\/\\\/gorskaprzygoda.pl\\\/index.php\\\/mapa-wpisow\\\/#breadcrumb\",\"itemListElement\":[{\"@type\":\"ListItem\",\"position\":1,\"name\":\"Strona g\u0142\u00f3wna\",\"item\":\"https:\\\/\\\/gorskaprzygoda.pl\\\/\"},{\"@type\":\"ListItem\",\"position\":2,\"name\":\"Mapa wpis\u00f3w!\"}]},{\"@type\":\"WebSite\",\"@id\":\"https:\\\/\\\/gorskaprzygoda.pl\\\/#website\",\"url\":\"https:\\\/\\\/gorskaprzygoda.pl\\\/\",\"name\":\"gorskaprzygoda.pl\",\"description\":\"w drodze na szczyt\",\"potentialAction\":[{\"@type\":\"SearchAction\",\"target\":{\"@type\":\"EntryPoint\",\"urlTemplate\":\"https:\\\/\\\/gorskaprzygoda.pl\\\/?s={search_term_string}\"},\"query-input\":{\"@type\":\"PropertyValueSpecification\",\"valueRequired\":true,\"valueName\":\"search_term_string\"}}],\"inLanguage\":\"pl-PL\"}]}<\/script>\n<!-- \/ Yoast SEO plugin. -->","yoast_head_json":{"title":"Mapa wpis\u00f3w! - G\u00f3rska przygoda","robots":{"index":"index","follow":"follow","max-snippet":"max-snippet:-1","max-image-preview":"max-image-preview:large","max-video-preview":"max-video-preview:-1"},"canonical":"https:\/\/gorskaprzygoda.pl\/index.php\/mapa-wpisow\/","og_locale":"pl_PL","og_type":"article","og_title":"Mapa wpis\u00f3w! - G\u00f3rska przygoda","og_description":"Aby wygodnie przegl\u0105da\u0107 map\u0119 wpis\u00f3w wy\u015bwietl j\u0105 na ca\u0142ym ekranie! \ud83d\ude09","og_url":"https:\/\/gorskaprzygoda.pl\/index.php\/mapa-wpisow\/","og_site_name":"G\u00f3rska przygoda","article_publisher":"https:\/\/www.facebook.com\/gorskaprzygoda\/","article_modified_time":"2019-11-13T19:01:52+00:00","twitter_card":"summary_large_image","schema":{"@context":"https:\/\/schema.org","@graph":[{"@type":"WebPage","@id":"https:\/\/gorskaprzygoda.pl\/index.php\/mapa-wpisow\/","url":"https:\/\/gorskaprzygoda.pl\/index.php\/mapa-wpisow\/","name":"Mapa wpis\u00f3w! - G\u00f3rska przygoda","isPartOf":{"@id":"https:\/\/gorskaprzygoda.pl\/#website"},"datePublished":"2018-01-11T21:13:01+00:00","dateModified":"2019-11-13T19:01:52+00:00","breadcrumb":{"@id":"https:\/\/gorskaprzygoda.pl\/index.php\/mapa-wpisow\/#breadcrumb"},"inLanguage":"pl-PL","potentialAction":[{"@type":"ReadAction","target":["https:\/\/gorskaprzygoda.pl\/index.php\/mapa-wpisow\/"]}]},{"@type":"BreadcrumbList","@id":"https:\/\/gorskaprzygoda.pl\/index.php\/mapa-wpisow\/#breadcrumb","itemListElement":[{"@type":"ListItem","position":1,"name":"Strona g\u0142\u00f3wna","item":"https:\/\/gorskaprzygoda.pl\/"},{"@type":"ListItem","position":2,"name":"Mapa wpis\u00f3w!"}]},{"@type":"WebSite","@id":"https:\/\/gorskaprzygoda.pl\/#website","url":"https:\/\/gorskaprzygoda.pl\/","name":"gorskaprzygoda.pl","description":"w drodze na szczyt","potentialAction":[{"@type":"SearchAction","target":{"@type":"EntryPoint","urlTemplate":"https:\/\/gorskaprzygoda.pl\/?s={search_term_string}"},"query-input":{"@type":"PropertyValueSpecification","valueRequired":true,"valueName":"search_term_string"}}],"inLanguage":"pl-PL"}]}},"jetpack_sharing_enabled":true,"jetpack_shortlink":"https:\/\/wp.me\/PawaOI-vH","_links":{"self":[{"href":"https:\/\/gorskaprzygoda.pl\/index.php\/wp-json\/wp\/v2\/pages\/1965","targetHints":{"allow":["GET"]}}],"collection":[{"href":"https:\/\/gorskaprzygoda.pl\/index.php\/wp-json\/wp\/v2\/pages"}],"about":[{"href":"https:\/\/gorskaprzygoda.pl\/index.php\/wp-json\/wp\/v2\/types\/page"}],"author":[{"embeddable":true,"href":"https:\/\/gorskaprzygoda.pl\/index.php\/wp-json\/wp\/v2\/users\/1"}],"replies":[{"embeddable":true,"href":"https:\/\/gorskaprzygoda.pl\/index.php\/wp-json\/wp\/v2\/comments?post=1965"}],"version-history":[{"count":22,"href":"https:\/\/gorskaprzygoda.pl\/index.php\/wp-json\/wp\/v2\/pages\/1965\/revisions"}],"predecessor-version":[{"id":6255,"href":"https:\/\/gorskaprzygoda.pl\/index.php\/wp-json\/wp\/v2\/pages\/1965\/revisions\/6255"}],"wp:attachment":[{"href":"https:\/\/gorskaprzygoda.pl\/index.php\/wp-json\/wp\/v2\/media?parent=1965"}],"curies":[{"name":"wp","href":"https:\/\/api.w.org\/{rel}","templated":true}]}}